{"id":84,"date":"2020-03-27T05:47:13","date_gmt":"2020-03-27T05:47:13","guid":{"rendered":"https:\/\/vedasudhaherbals.com\/en\/?page_id=84"},"modified":"2020-06-18T08:16:38","modified_gmt":"2020-06-18T06:16:38","slug":"yoga","status":"publish","type":"page","link":"https:\/\/vedasudha.ch\/en\/yoga\/","title":{"rendered":"Yoga"},"content":{"rendered":"<p>Yoga is a science, a philosophy and an art that touches a person&#8217;s life on a physical, mental, emotional and intellectual level.<\/p>\n<p>Although Yoga only became a philosophy and school through the <em>Yoga Sutras of Pata\u00f1jali<\/em>, the practice of Yoga has existed since the beginning of mankind.<\/p>\n<p>The word \u00abexercise\u00bb here does not only stand for body positions (<em>\u0101sana<\/em>), for which yoga in the West has mainly become known. For the name \u00abYoga\u00bb comes from the root <em>yuj<\/em>, which means \u00abto unite\u00bb. Yoga means union, the union of the small individual self with the higher self. The own mind, the thinking, the patterns in which our thinking (and thus also our actions) take place, are the biggest obstacle that has to be overcome. If you can control your mind, your thoughts and your senses, you can go beyond them, you can transcend them.<\/p>\n<p>In order to achieve this, one must <em>exercise<\/em> various things, i.e. practice them regularly so that they become a habit.<\/p>\n<p>&nbsp;<\/p>\n<h3>Yoga <span lang=\"EN-GB\">according to <\/span> Pata\u00f1jali<\/h3>\n<p><b><span lang=\"EN-GB\">Yoga according to Pa\u00f1jali offers eight methods for this, often referred to as an eightfold path<\/span><\/b><\/p>\n<p><strong><em>yama\u00a0<\/em><\/strong>\u2013\u00a0refers to ethical rules or the code of conduct in dealing with others<br \/>\n(basically, these are restrictions to which one submits \u2013&gt; <em>ahi\u1e43s\u0101<\/em> \u2013 do not hurt, <em>satya<\/em> \u2013 truthfulness, i.e., not lying, <em>asteya<\/em> \u2013 not stealing, <em>brahmacarya<\/em> \u2013 self-control in the sense of abstinence, <em>aparigraha<\/em> \u2013 not accepting gifts, incorruptibility, not being greedy)<\/p>\n<p><strong><em>niyama\u00a0<\/em><\/strong>\u2013\u00a0describes the personal discipline, the ethics in dealing with oneself<br \/>\n(these include <em>\u015bauca<\/em> \u2013 inner and outer purity, <em>santo\u1e63a<\/em> \u2013 cultivation of contentment, undemanding nature, <em>tapas<\/em> \u2013 discipline and renunciation, <em>sv\u0101dhy\u0101ya<\/em> \u2013 exploration of the self, introspection, <em>\u012b\u015bvara pra\u1e47idh\u0101na<\/em> \u2013 complete devotion to the highest)<\/p>\n<p><strong><em>\u0101sana\u00a0<\/em><\/strong>\u2013\u00a0<span lang=\"EN-US\">means \u00abposition\u00bb and in the case of Pata\u00f1jali it refers to the correct position for meditation. In Hatha Yoga this term is used to describe the different body positions.<\/span><\/p>\n<p><strong><em>pr\u0101\u1e47\u0101y\u0101ma\u00a0<\/em><\/strong>\u2013 <span lang=\"EN-US\">means mastery or control of the life energy and includes the various breathing exercises (<i>pr\u0101\u1e47a<\/i> means \u00ablife energy\u00bb and <i>\u0101y\u0101ma<\/i> stands for \u00abexpansion\u00bb, \u00abenlargement\u00bb but also \u00abcontrol\u00bb)<\/span><\/p>\n<p><strong><em>praty\u0101h\u0101ra\u00a0<\/em><\/strong>\u2013 <span lang=\"EN-US\">refers to the control of the senses. The Sanskrit term <i>praty\u0101h\u0101ra<\/i> means \u00abwithdrawal\u00bb and in the context of yoga means the withdrawal of the senses from their sensory objects.<\/span><\/p>\n<p><strong><em>dh\u0101ra\u1e47\u0101\u00a0<\/em><\/strong>\u2013 <span lang=\"EN-US\">means \u00abconcentration\u00bb and refers to the fixing of the mind to a point, a place. <i>Dharana<\/i> belongs to meditation, but also describes the ability to keep the mind focused on one thing, one action in everyday life.<\/span><\/p>\n<p><strong><em>dhy\u0101na\u00a0<\/em><\/strong>\u2013 <span lang=\"EN-US\">means \u00abmeditation\u00bb. In the sense of Pata\u00f1jali, the mind in dhyana is so concentrated that it is absorbed. <\/span>The attention flows without thoughts.<\/p>\n<p><strong><em>sam\u0101dhi\u00a0<\/em><\/strong>\u2013 <span lang=\"EN-US\">denotes the state of transcendence, the experience of the self or the highest.<\/span><\/p>\n<p>Yoga is therefore not only a way to practice physical, breathing and meditation exercises to maintain health. Rather, Yoga is a philosophy and a method to continuously develop one&#8217;s personality in order to achieve the highest goal, the union with the Supreme.<\/p>\n<p>&nbsp;<\/p>\n<p>Pata\u00f1jali&#8217;s eight-limbed system has great therapeutic value and was incorporated into Ayurveda for this purpose.<\/p>\n<p>In the <em>Ashtanga Hridayam<\/em>, a textbook of Ayurveda, the following verse is found, which takes up the methods of Pata\u00f1jali<\/p>\n<p style=\"text-align: center;\"><em>nityam hit\u0101hara vih\u0101rasevi sam\u012bk\u1e63yakari vi\u1e63aye\u015bvasakta\u1e25 ||<br \/>\n<\/em><em>d\u0101t\u0101 samah satyaparah k\u1e63am\u0101v\u0101n \u0101ptopasevi ca bhavatyaroga\u1e25 ||<\/em><\/p>\n<p>A person who eats healthy food, always practices a healthy lifestyle, carries out all his actions consciously and is not involved in the objects of the mind [i.e., excessive enjoyment of sensual pleasures], who is generous, just, truthful, forgiving in nature and helpful to others, will remain <em>aroga<\/em> &#8211; free from disease.<\/p>\n<p>It is not only the concrete measures such as correct nutrition, correct daily and seasonal routines and physical activity that have an influence on a person&#8217;s state of health. Also his state of mind, his way of seeing and living life \u2013 in dealing with himself, but also with others and with nature \u2013 have a direct influence on the body and its functions, because all processes of the consciousness have physical, mental and emotional correspondences.<\/p>\n<p>&nbsp;<\/p>\n<h3>Yoga in the\u00a0Vedasudha Ayurvedic Hospitals<\/h3>\n<p>Within yoga there is a variety of <em>\u0101sana<\/em> (body positions), <em>mudr\u0101<\/em> (special body and hand positions), <em>bandha\u00a0<\/em>(contraction exercises to direct the flow of energy) and <em>pr\u0101\u1e47\u0101y\u0101ma<\/em> (breathing exercises).<\/p>\n<p>We have put together a special program of exercises for our patients. These are easy exercises in the sense that the practitioner does not exert himself too much physically or mentally during the Panchakarma treatment. This would be detrimental to the success of the treatment.<\/p>\n<p>Nevertheless the selected exercises are very effective. They have an effect on the internal organs like liver, spleen, pancreas, stomach and intestines and are supposed to regulate their functions and especially <em>Agni<\/em>, the digestive fire. A well functioning Agni is the key to good health and important for the success of ayurvedic treatments.<\/p>\n<p>Our daily yoga program includes one hour of Yoga Asanas, about 30 minutes of Yoga Nidra and about 20-30 minutes of Pranayama. The participation is optional.<\/p>\n<p>Once a year a special three-week yoga retreat is offered at the <em>Yogasudha Ayurvedic Hospital<\/em> (Pinnakkanadu). The retreat includes practical yoga sessions, theoretical classes, cleansing techniques, gentle ayurvedic treatments, meditation, mantra chanting, yogic-sattvic food and much more.<\/p>\n","protected":false},"excerpt":{"rendered":"<p>Yoga is a science, a philosophy and an art that touches a person&#8217;s life on a physical, mental, emotional and intellectual level. Although Yoga only became a philosophy and school through the Yoga Sutras of Pata\u00f1jali, the practice of Yoga has existed since the beginning of mankind. The word \u00abexercise\u00bb here does not only stand [&hellip;]<\/p>\n","protected":false},"author":1,"featured_media":617,"parent":0,"menu_order":0,"comment_status":"closed","ping_status":"closed","template":"","meta":{"footnotes":""},"class_list":["post-84","page","type-page","status-publish","has-post-thumbnail","hentry"],"_links":{"self":[{"href":"https:\/\/vedasudha.ch\/en\/wp-json\/wp\/v2\/pages\/84","targetHints":{"allow":["GET"]}}],"collection":[{"href":"https:\/\/vedasudha.ch\/en\/wp-json\/wp\/v2\/pages"}],"about":[{"href":"https:\/\/vedasudha.ch\/en\/wp-json\/wp\/v2\/types\/page"}],"author":[{"embeddable":true,"href":"https:\/\/vedasudha.ch\/en\/wp-json\/wp\/v2\/users\/1"}],"replies":[{"embeddable":true,"href":"https:\/\/vedasudha.ch\/en\/wp-json\/wp\/v2\/comments?post=84"}],"version-history":[{"count":14,"href":"https:\/\/vedasudha.ch\/en\/wp-json\/wp\/v2\/pages\/84\/revisions"}],"predecessor-version":[{"id":1307,"href":"https:\/\/vedasudha.ch\/en\/wp-json\/wp\/v2\/pages\/84\/revisions\/1307"}],"wp:featuredmedia":[{"embeddable":true,"href":"https:\/\/vedasudha.ch\/en\/wp-json\/wp\/v2\/media\/617"}],"wp:attachment":[{"href":"https:\/\/vedasudha.ch\/en\/wp-json\/wp\/v2\/media?parent=84"}],"curies":[{"name":"wp","href":"https:\/\/api.w.org\/{rel}","templated":true}]}}