{"id":163,"date":"2020-04-15T22:08:31","date_gmt":"2020-04-15T21:08:31","guid":{"rendered":"https:\/\/vedasudhaherbals.com\/en\/?page_id=163"},"modified":"2020-06-08T10:39:25","modified_gmt":"2020-06-08T08:39:25","slug":"gesundheit-und-krankheit-im-ayurveda","status":"publish","type":"page","link":"https:\/\/vedasudha.ch\/en\/ayurveda\/gesundheit-und-krankheit-im-ayurveda\/","title":{"rendered":"Health &#038; Illness in Ayurveda"},"content":{"rendered":"<p>Health in Ayurveda is not simply the absence of disease, but according to <em>Su\u015bruta Sa\u1e43hita<\/em>, one of the essential textbooks of Ayurveda, health is defined as follows:<\/p>\n<p style=\"text-align: center;\"><em>samado\u1e63a\u1e25 sam\u0101gni\u015b ca samadh\u0101tumalakriya\u1e25 ||<br \/>\n<\/em><em>prasann\u0101tmendriyaman\u0101\u1e25 svastha ity abhidh\u012byate ||<br \/>\nSu\u015bruta Sa\u1e43hita, S\u016btrasth\u0101na, 15.41<br \/>\n<\/em><\/p>\n<p>The person whose doshas are in balance, whose agni is balanced, whose tissues are properly formed, whose excretions function normally, whose soul, mind and senses are filled with happiness and who rests in the Self is called healthy.<\/p>\n<p>Due to the manifold and extremely fine diagnostic methods of Ayurveda, imbalances, which under certain circumstances can develop into serious diseases, can be detected before one notices any signs of them oneself.<\/p>\n<p><strong>\u00a0<\/strong><\/p>\n<p><strong>Ayurveda divides the development of a disease into six stages.<\/strong><\/p>\n<ol>\n<li><strong><em>sa\u00f1caya\u00a0<\/em><\/strong>\u2013 <span lang=\"EN-GB\">accumulation, that is, a dosha &#8211; Vata, Pitta or Kapha &#8211; begins to accumulate in its own area. Possible symptoms are mild and appear only sporadically. For accumulating Vata, these may include flatulence or constipation, slightly increased Pitta heat sensation or dark yellow discoloured urine, and cumulative Kapha feeling of fullness and lethargy<\/span>.<\/li>\n<li><em><strong>prakopa<\/strong>\u00a0<\/em>\u2013 <span lang=\"EN-GB\">irritation, aggravation. A dosha continues to rise, but remains in its original place. Symptoms observed in this phase may include with increasing Vata bowel sounds or excessive peristalsis, with Pitta heartburn or acid stomach discomfort and with Kapha mucus.<\/span>.<\/li>\n<li><strong><em>prasara <\/em><\/strong>\u2013 <span lang=\"EN-GB\">propagation. In this phase the doshas leave their natural areas and move to other places in the body where they can spread. For example, Vata can leave the large intestine and spread to the skin, ears or bones. Symptoms include dry skin, cold hands and feet, and ringing in the ears.<br \/>\nWhen Pitta leaves its original site in the small intestine, it can spread to the stomach, eyes or sweat glands. Possible symptoms are heartburn, burning eyes or sour-smelling sweat.<br \/>\n<\/span>If Kapha leaves its area in the upper stomach and chest and spreads to the head or lymphatic system, water retention in the tissues or blocked sinuses can be possible symptoms<\/li>\n<li><strong><em>sth\u0101na sa\u1e41\u015braya <\/em><\/strong>\u2013 <span lang=\"EN-GB\">deposition or localization. The significantly increased dosha settles in a place that does not belong to its original area. This happens because the dosha has an affinity to this new place or because there is a weakness or a defect due to genetic predisposition, previous trauma, increased emotional stress or suppressed emotions. The dosha penetrates the tissue of the new place with its own qualities, increases there and can change the normal qualities of the tissue. Preliminary signs of illness now appear, which can already be recognized as such by an experienced physician (even a western physician).<\/span><\/li>\n<li><strong><em>vyakti <\/em><\/strong>\u2013 <span lang=\"EN-GB\">manifestation. The dosha has overcome the tissue of the new place and the qualities of the foreign dosha now manifest in the tissue by suppressing the natural qualities of this dhatus. A disease with its specific symptoms, as we know them in the Western understanding, comes to manifest.<\/span><\/li>\n<li><strong><em>bheda <\/em><\/strong>\u2013 <span lang=\"EN-GB\">complication. At this stage, structural changes in the tissues and organs\/organ systems manifest themselves and complications arise. It is the final stage of the course of a disease. In the fifth stage of a disease development the function of a tissue or organ is disturbed. In the sixth and final stage of the disease the tissue structure is changed and the function of the surrounding tissues and organs is disturbed. Treatment in this stage is extremely difficult or impossible.<\/span><\/li>\n<\/ol>\n<p><span lang=\"EN-GB\">Every science has its limits in certain areas. According to Ayurveda, diseases are differentiated in <i>s\u0101dhya\u00a0<\/i>(curable) and <i>as\u0101dhya<\/i> (not curable). A finer subdivision is made into: <i>sukha s\u0101dhya<\/i> (easily curable), <i>k\u1e5bcchra s\u0101dhya\u00a0<\/i>(difficult to cure) as well as <i>y\u0101pya<\/i> (manageable) and <i>k\u1e5bcchra\/anupakr\u0101mya<\/i> (not curable\/not treatable). Taking these factors into account, it must be stated that Ayurveda cannot cure all the diseases of mankind.<\/span><\/p>\n","protected":false},"excerpt":{"rendered":"<p>Health in Ayurveda is not simply the absence of disease, but according to Su\u015bruta Sa\u1e43hita, one of the essential textbooks of Ayurveda, health is defined as follows: samado\u1e63a\u1e25 sam\u0101gni\u015b ca samadh\u0101tumalakriya\u1e25 || prasann\u0101tmendriyaman\u0101\u1e25 svastha ity abhidh\u012byate || Su\u015bruta Sa\u1e43hita, S\u016btrasth\u0101na, 15.41 The person whose doshas are in balance, whose agni is balanced, whose tissues are [&hellip;]<\/p>\n","protected":false},"author":1,"featured_media":235,"parent":82,"menu_order":2,"comment_status":"closed","ping_status":"closed","template":"page_ayurveda.php","meta":{"footnotes":""},"class_list":["post-163","page","type-page","status-publish","has-post-thumbnail","hentry"],"_links":{"self":[{"href":"https:\/\/vedasudha.ch\/en\/wp-json\/wp\/v2\/pages\/163","targetHints":{"allow":["GET"]}}],"collection":[{"href":"https:\/\/vedasudha.ch\/en\/wp-json\/wp\/v2\/pages"}],"about":[{"href":"https:\/\/vedasudha.ch\/en\/wp-json\/wp\/v2\/types\/page"}],"author":[{"embeddable":true,"href":"https:\/\/vedasudha.ch\/en\/wp-json\/wp\/v2\/users\/1"}],"replies":[{"embeddable":true,"href":"https:\/\/vedasudha.ch\/en\/wp-json\/wp\/v2\/comments?post=163"}],"version-history":[{"count":10,"href":"https:\/\/vedasudha.ch\/en\/wp-json\/wp\/v2\/pages\/163\/revisions"}],"predecessor-version":[{"id":1262,"href":"https:\/\/vedasudha.ch\/en\/wp-json\/wp\/v2\/pages\/163\/revisions\/1262"}],"up":[{"embeddable":true,"href":"https:\/\/vedasudha.ch\/en\/wp-json\/wp\/v2\/pages\/82"}],"wp:featuredmedia":[{"embeddable":true,"href":"https:\/\/vedasudha.ch\/en\/wp-json\/wp\/v2\/media\/235"}],"wp:attachment":[{"href":"https:\/\/vedasudha.ch\/en\/wp-json\/wp\/v2\/media?parent=163"}],"curies":[{"name":"wp","href":"https:\/\/api.w.org\/{rel}","templated":true}]}}