{"id":133,"date":"2020-04-15T11:54:20","date_gmt":"2020-04-15T10:54:20","guid":{"rendered":"https:\/\/vedasudhaherbals.com\/en\/?page_id=133"},"modified":"2020-06-08T13:00:38","modified_gmt":"2020-06-08T11:00:38","slug":"my-account","status":"publish","type":"page","link":"https:\/\/vedasudha.ch\/en\/my-account\/","title":{"rendered":"My account"},"content":{"rendered":"<div class=\"woocommerce\"><div class=\"woocommerce-notices-wrapper\"><\/div>\n\n<div class=\"u-columns col2-set\" id=\"customer_login\">\n\n\t<div class=\"u-column1 col-1\">\n\n\n\t\t<h2>Login<\/h2>\n\n\t\t<form class=\"woocommerce-form woocommerce-form-login login\" method=\"post\">\n\n\t\t\t\n\t\t\t<p class=\"woocommerce-form-row woocommerce-form-row--wide form-row form-row-wide\">\n\t\t\t\t<label for=\"username\">Username or email address&nbsp;<span class=\"required\">*<\/span><\/label>\n\t\t\t\t<input type=\"text\" class=\"woocommerce-Input woocommerce-Input--text input-text\" name=\"username\" id=\"username\" autocomplete=\"username\" value=\"\" \/>\t\t\t<\/p>\n\t\t\t<p class=\"woocommerce-form-row woocommerce-form-row--wide form-row form-row-wide\">\n\t\t\t\t<label for=\"password\">Password&nbsp;<span class=\"required\">*<\/span><\/label>\n\t\t\t\t<input class=\"woocommerce-Input woocommerce-Input--text input-text\" type=\"password\" name=\"password\" id=\"password\" autocomplete=\"current-password\" \/>\n\t\t\t<\/p>\n\n\t\t\t\n\t\t\t<p class=\"form-row\">\n\t\t\t\t<label class=\"woocommerce-form__label woocommerce-form__label-for-checkbox woocommerce-form-login__rememberme\">\n\t\t\t\t\t<input class=\"woocommerce-form__input woocommerce-form__input-checkbox\" name=\"rememberme\" type=\"checkbox\" id=\"rememberme\" value=\"forever\" \/> <span>Remember me<\/span>\n\t\t\t\t<\/label>\n\t\t\t\t<input type=\"hidden\" id=\"woocommerce-login-nonce\" name=\"woocommerce-login-nonce\" value=\"39011578cb\" \/><input type=\"hidden\" name=\"_wp_http_referer\" value=\"\/en\/wp-json\/wp\/v2\/pages\/133\" \/>\t\t\t\t<button type=\"submit\" class=\"woocommerce-button button woocommerce-form-login__submit\" name=\"login\" value=\"Log in\">Log in<\/button>\n\t\t\t<\/p>\n\t\t\t<p class=\"woocommerce-LostPassword lost_password\">\n\t\t\t\t<a href=\"https:\/\/vedasudha.ch\/en\/my-account\/lost-password\/\">Lost your password?<\/a>\n\t\t\t<\/p>\n\n\t\t\t\n\t\t<\/form>\n\n\n\t<\/div>\n\n\t<div class=\"u-column2 col-2\">\n\n\t\t<h2>Register<\/h2>\n\n\t\t<form method=\"post\" class=\"woocommerce-form woocommerce-form-register register\"  >\n\n\t\t\t<h3>\n\tKonto registrieren\n<\/h3>\n<p>\n\tBevor Sie in unserem Shop einkaufen k\u00f6nnen, m\u00fcssen Sie ein Kundenkonto registrieren. Dieses wird von uns f\u00fcr Sie freigeschaltet. Bitte beachten Sie das nur Registrierungen aus der Schweiz ber\u00fccksichtigt werden k\u00f6nnen. Vielen Dank f\u00fcr ihr Verst\u00e4ndnis.\n<\/p>\n       <p class=\"form-row form-row-first\">\n       <label for=\"reg_billing_first_name\">First name<span class=\"required\">*<\/span><\/label>\n       <input type=\"text\" class=\"input-text\" name=\"billing_first_name\" id=\"reg_billing_first_name\" value=\"\" \/>\n       <\/p>\n       <p class=\"form-row form-row-last\">\n       <label for=\"reg_billing_last_name\">Last name<span class=\"required\">*<\/span><\/label>\n       <input type=\"text\" class=\"input-text\" name=\"billing_last_name\" id=\"reg_billing_last_name\" value=\"\" \/>\n       <\/p>\n<p class=\"form-row form-row-wide\">\n \u00a0 \u00a0 \u00a0 <label for=\"reg_billing_address_1\">Billing address<span class=\"required\">*<\/span><\/label>\n       <input type=\"text\" class=\"input-text\" name=\"billing_address_1\" id=\"reg_billing_address_1\" value=\"\" \/>\n       <\/p>\n<p class=\"form-row form-row-first\">\n       <label for=\"reg_billing_postcode\">Postcode<span class=\"required\">*<\/span><\/label>\n       <input type=\"text\" class=\"input-text\" name=\"billing_postcode\" id=\"reg_billing_postcode\" value=\"\" \/>\n       <\/p>\n<p class=\"form-row form-row-last\">\n       <label for=\"reg_billing_city\">City<span class=\"required\">*<\/span><\/label>\n       <input type=\"text\" class=\"input-text\" name=\"billing_city\" id=\"reg_billing_city\" value=\"\" \/>\n       <\/p>\n<p class=\"form-row form-row-wide\">\n       <label for=\"reg_billing_phone\">Phone<\/label>\n       <input type=\"text\" class=\"input-text\" name=\"billing_phone\" id=\"reg_billing_phone\" value=\"\" \/>\n       <\/p>\n       <div class=\"clear\"><\/div>\n       \n\t\t\t\n\t\t\t<p class=\"woocommerce-form-row woocommerce-form-row--wide form-row form-row-wide\">\n\t\t\t\t<label for=\"reg_email\">Email address&nbsp;<span class=\"required\">*<\/span><\/label>\n\t\t\t\t<input type=\"email\" class=\"woocommerce-Input woocommerce-Input--text input-text\" name=\"email\" id=\"reg_email\" autocomplete=\"email\" value=\"\" \/>\t\t\t<\/p>\n\n\t\t\t\n\t\t\t\t<p>A password will be sent to your email address.<\/p>\n\n\t\t\t\n\t\t\t<div class=\"woocommerce-privacy-policy-text\"><\/div>\n\t\t\t<p class=\"woocommerce-FormRow form-row\">\n\t\t\t\t<input type=\"hidden\" id=\"woocommerce-register-nonce\" name=\"woocommerce-register-nonce\" value=\"9b125ce992\" \/><input type=\"hidden\" name=\"_wp_http_referer\" value=\"\/en\/wp-json\/wp\/v2\/pages\/133\" \/>\t\t\t\t<button type=\"submit\" class=\"woocommerce-Button woocommerce-button button woocommerce-form-register__submit\" name=\"register\" value=\"Register\">Register<\/button>\n\t\t\t<\/p>\n\n\t\t\t\n\t\t<\/form>\n\n\t<\/div>\n\n<\/div>\n\n<\/div>\n\r\n<p>&nbsp;<\/p>\r\n<p style=\"text-align: center;\"><strong style=\"font-size: 20px;\"><a href=\"shop\">This way to see the products &gt;&gt;&gt;<\/a><\/strong><\/p>","protected":false},"excerpt":{"rendered":"<p>&nbsp; This way to see the products &gt;&gt;&gt;<\/p>\n","protected":false},"author":1,"featured_media":0,"parent":0,"menu_order":0,"comment_status":"closed","ping_status":"closed","template":"page_account_gunnar.php","meta":{"footnotes":""},"class_list":["post-133","page","type-page","status-publish","hentry"],"_links":{"self":[{"href":"https:\/\/vedasudha.ch\/en\/wp-json\/wp\/v2\/pages\/133","targetHints":{"allow":["GET"]}}],"collection":[{"href":"https:\/\/vedasudha.ch\/en\/wp-json\/wp\/v2\/pages"}],"about":[{"href":"https:\/\/vedasudha.ch\/en\/wp-json\/wp\/v2\/types\/page"}],"author":[{"embeddable":true,"href":"https:\/\/vedasudha.ch\/en\/wp-json\/wp\/v2\/users\/1"}],"replies":[{"embeddable":true,"href":"https:\/\/vedasudha.ch\/en\/wp-json\/wp\/v2\/comments?post=133"}],"version-history":[{"count":8,"href":"https:\/\/vedasudha.ch\/en\/wp-json\/wp\/v2\/pages\/133\/revisions"}],"predecessor-version":[{"id":1288,"href":"https:\/\/vedasudha.ch\/en\/wp-json\/wp\/v2\/pages\/133\/revisions\/1288"}],"wp:attachment":[{"href":"https:\/\/vedasudha.ch\/en\/wp-json\/wp\/v2\/media?parent=133"}],"curies":[{"name":"wp","href":"https:\/\/api.w.org\/{rel}","templated":true}]}}